{"id":69,"date":"2023-10-10T14:55:01","date_gmt":"2023-10-10T12:55:01","guid":{"rendered":"https:\/\/www.eleddesign.cz\/cs\/?page_id=69"},"modified":"2023-10-10T14:55:15","modified_gmt":"2023-10-10T12:55:15","slug":"pravni-ujednani","status":"publish","type":"page","link":"https:\/\/www.eleddesign.cz\/cs\/pravni-ujednani\/","title":{"rendered":"Pr\u00e1vn\u00ed ujedn\u00e1n\u00ed"},"content":{"rendered":"","protected":false},"excerpt":{"rendered":"","protected":false},"author":1,"featured_media":0,"parent":0,"menu_order":0,"comment_status":"closed","ping_status":"closed","template":"","meta":{"footnotes":""},"_links":{"self":[{"href":"https:\/\/www.eleddesign.cz\/cs\/wp-json\/wp\/v2\/pages\/69"}],"collection":[{"href":"https:\/\/www.eleddesign.cz\/cs\/wp-json\/wp\/v2\/pages"}],"about":[{"href":"https:\/\/www.eleddesign.cz\/cs\/wp-json\/wp\/v2\/types\/page"}],"author":[{"embeddable":true,"href":"https:\/\/www.eleddesign.cz\/cs\/wp-json\/wp\/v2\/users\/1"}],"replies":[{"embeddable":true,"href":"https:\/\/www.eleddesign.cz\/cs\/wp-json\/wp\/v2\/comments?post=69"}],"version-history":[{"count":1,"href":"https:\/\/www.eleddesign.cz\/cs\/wp-json\/wp\/v2\/pages\/69\/revisions"}],"predecessor-version":[{"id":70,"href":"https:\/\/www.eleddesign.cz\/cs\/wp-json\/wp\/v2\/pages\/69\/revisions\/70"}],"wp:attachment":[{"href":"https:\/\/www.eleddesign.cz\/cs\/wp-json\/wp\/v2\/media?parent=69"}],"curies":[{"name":"wp","href":"https:\/\/api.w.org\/{rel}","templated":true}]}}